{"id":790,"date":"2025-05-14T08:15:33","date_gmt":"2025-05-14T11:15:33","guid":{"rendered":"https:\/\/parqueestadualdojalapao.com.br\/?page_id=790"},"modified":"2025-05-14T08:15:34","modified_gmt":"2025-05-14T11:15:34","slug":"termos","status":"publish","type":"page","link":"https:\/\/parqueestadualdojalapao.com.br\/fr\/termos\/","title":{"rendered":"Termos"},"content":{"rendered":"<p><strong>\u00daltima atualiza\u00e7\u00e3o:<\/strong> 02\/03\/2025.<\/p>\n\n\n\n<h3 class=\"wp-block-heading\" id=\"h-1-aceitacao-dos-termos\">1. Aceita\u00e7\u00e3o dos Termos<\/h3>\n\n\n\n<p>Ao acessar e utilizar o site <a class=\"\" href=\"https:\/\/parqueestadualdojalapao.com.br\/fr\/\">parqueestadualdojalapao.com.br<\/a>, voc\u00ea concorda em cumprir estes Termos de Uso e todas as leis e regulamentos aplic\u00e1veis.<\/p>\n\n\n\n<h3 class=\"wp-block-heading\" id=\"h-2-uso-do-site\">2. Uso do Site<\/h3>\n\n\n\n<p>Voc\u00ea se compromete a utilizar o site apenas para fins legais e de maneira que n\u00e3o infrinja os direitos de terceiros ou restrinja o uso do site por outros usu\u00e1rios.<\/p>\n\n\n\n<h3 class=\"wp-block-heading\" id=\"h-3-propriedade-intelectual\">3. Propriedade Intelectual<\/h3>\n\n\n\n<p>Todo o conte\u00fado do site, incluindo textos, imagens e logotipos, \u00e9 de propriedade exclusiva do propriet\u00e1rio do site ou de terceiros licenciados, sendo protegido pelas leis de direitos autorais e propriedade intelectual.<\/p>\n\n\n\n<h3 class=\"wp-block-heading\" id=\"h-4-links-para-terceiros\">4. Links para Terceiros<\/h3>\n\n\n\n<p>Nosso site pode conter links para sites de terceiros. N\u00e3o nos responsabilizamos pelo conte\u00fado ou pr\u00e1ticas de privacidade desses sites.<\/p>\n\n\n\n<h3 class=\"wp-block-heading\" id=\"h-5-limitacao-de-responsabilidade\">5. Limita\u00e7\u00e3o de Responsabilidade<\/h3>\n\n\n\n<p>N\u00e3o garantimos que o site estar\u00e1 dispon\u00edvel de forma ininterrupta ou livre de erros. N\u00e3o nos responsabilizamos por quaisquer danos decorrentes do uso ou da incapacidade de uso do site.<\/p>\n\n\n\n<h3 class=\"wp-block-heading\" id=\"h-6-modificacoes-dos-termos\">6. Modifica\u00e7\u00f5es dos Termos<\/h3>\n\n\n\n<p>Reservamo-nos o direito de modificar estes Termos de Uso a qualquer momento. As altera\u00e7\u00f5es entrar\u00e3o em vigor imediatamente ap\u00f3s a publica\u00e7\u00e3o no site.<\/p>\n\n\n\n<h3 class=\"wp-block-heading\" id=\"h-7-lei-aplicavel\">7. Lei Aplic\u00e1vel<\/h3>\n\n\n\n<p>Estes Termos de Uso s\u00e3o regidos pelas leis da Rep\u00fablica Federativa do Brasil. Qualquer disputa ser\u00e1 resolvida no foro da comarca de Americana, Estado de S\u00e3o Paulo.<\/p>","protected":false},"excerpt":{"rendered":"<p>\u00daltima atualiza\u00e7\u00e3o: 02\/03\/2025. 1. Aceita\u00e7\u00e3o dos Termos Ao acessar e utilizar o site parqueestadualdojalapao.com.br, voc\u00ea concorda em cumprir estes Termos de Uso e todas as leis e regulamentos aplic\u00e1veis. 2. Uso do Site Voc\u00ea se compromete a utilizar o site apenas para fins legais e de maneira que n\u00e3o infrinja os direitos de terceiros ou [&hellip;]<\/p>\n","protected":false},"author":1,"featured_media":0,"parent":0,"menu_order":0,"comment_status":"closed","ping_status":"closed","template":"","meta":{"footnotes":""},"class_list":["post-790","page","type-page","status-publish","hentry"],"blocksy_meta":[],"yoast_head":"<!-- This site is optimized with the Yoast SEO Premium plugin v26.7 (Yoast SEO v27.4) - https:\/\/yoast.com\/product\/yoast-seo-premium-wordpress\/ -->\n<title>Termos - Parque Estadual do Jalap\u00e3o<\/title>\n<meta name=\"robots\" content=\"index, follow, max-snippet:-1, max-image-preview:large, max-video-preview:-1\" \/>\n<link rel=\"canonical\" href=\"https:\/\/parqueestadualdojalapao.com.br\/fr\/termos\/\" \/>\n<meta property=\"og:locale\" content=\"fr_FR\" \/>\n<meta property=\"og:type\" content=\"article\" \/>\n<meta property=\"og:title\" content=\"Termos\" \/>\n<meta property=\"og:description\" content=\"\u00daltima atualiza\u00e7\u00e3o: 02\/03\/2025. 1. Aceita\u00e7\u00e3o dos Termos Ao acessar e utilizar o site parqueestadualdojalapao.com.br, voc\u00ea concorda em cumprir estes Termos de Uso e todas as leis e regulamentos aplic\u00e1veis. 2. Uso do Site Voc\u00ea se compromete a utilizar o site apenas para fins legais e de maneira que n\u00e3o infrinja os direitos de terceiros ou [&hellip;]\" \/>\n<meta property=\"og:url\" content=\"https:\/\/parqueestadualdojalapao.com.br\/fr\/termos\/\" \/>\n<meta property=\"og:site_name\" content=\"Parque Estadual do Jalap\u00e3o\" \/>\n<meta property=\"article:modified_time\" content=\"2025-05-14T11:15:34+00:00\" \/>\n<meta name=\"twitter:card\" content=\"summary_large_image\" \/>\n<meta name=\"twitter:label1\" content=\"Dur\u00e9e de lecture estim\u00e9e\" \/>\n\t<meta name=\"twitter:data1\" content=\"2 minutes\" \/>\n<script type=\"application\/ld+json\" class=\"yoast-schema-graph\">{\"@context\":\"https:\\\/\\\/schema.org\",\"@graph\":[{\"@type\":\"WebPage\",\"@id\":\"https:\\\/\\\/parqueestadualdojalapao.com.br\\\/termos\\\/\",\"url\":\"https:\\\/\\\/parqueestadualdojalapao.com.br\\\/termos\\\/\",\"name\":\"Termos - Parque Estadual do Jalap\u00e3o\",\"isPartOf\":{\"@id\":\"https:\\\/\\\/parqueestadualdojalapao.com.br\\\/#website\"},\"datePublished\":\"2025-05-14T11:15:33+00:00\",\"dateModified\":\"2025-05-14T11:15:34+00:00\",\"breadcrumb\":{\"@id\":\"https:\\\/\\\/parqueestadualdojalapao.com.br\\\/termos\\\/#breadcrumb\"},\"inLanguage\":\"fr-FR\",\"potentialAction\":[{\"@type\":\"ReadAction\",\"target\":[\"https:\\\/\\\/parqueestadualdojalapao.com.br\\\/termos\\\/\"]}]},{\"@type\":\"BreadcrumbList\",\"@id\":\"https:\\\/\\\/parqueestadualdojalapao.com.br\\\/termos\\\/#breadcrumb\",\"itemListElement\":[{\"@type\":\"ListItem\",\"position\":1,\"name\":\"In\u00edcio\",\"item\":\"https:\\\/\\\/parqueestadualdojalapao.com.br\\\/\"},{\"@type\":\"ListItem\",\"position\":2,\"name\":\"Termos\"}]},{\"@type\":\"WebSite\",\"@id\":\"https:\\\/\\\/parqueestadualdojalapao.com.br\\\/#website\",\"url\":\"https:\\\/\\\/parqueestadualdojalapao.com.br\\\/\",\"name\":\"Parque Estadual do Jalap\u00e3o\",\"description\":\"Descubra o cora\u00e7\u00e3o selvagem do Brasil, onde a natureza exuberante, o ar puro e paisagens deslumbrantes aguardam por voc\u00ea. O Parque Estadual do Jalap\u00e3o, localizado no Tocantins, \u00e9 um destino imperd\u00edvel para os amantes da natureza e do ecoturismo.\",\"publisher\":{\"@id\":\"https:\\\/\\\/parqueestadualdojalapao.com.br\\\/#organization\"},\"alternateName\":\"Parque Estadual do Jalap\u00e3o\",\"potentialAction\":[{\"@type\":\"SearchAction\",\"target\":{\"@type\":\"EntryPoint\",\"urlTemplate\":\"https:\\\/\\\/parqueestadualdojalapao.com.br\\\/?s={search_term_string}\"},\"query-input\":{\"@type\":\"PropertyValueSpecification\",\"valueRequired\":true,\"valueName\":\"search_term_string\"}}],\"inLanguage\":\"fr-FR\"},{\"@type\":\"Organization\",\"@id\":\"https:\\\/\\\/parqueestadualdojalapao.com.br\\\/#organization\",\"name\":\"Parque Estadual do Jalap\u00e3o\",\"alternateName\":\"Parque Estadual do Jalap\u00e3o\",\"url\":\"https:\\\/\\\/parqueestadualdojalapao.com.br\\\/\",\"logo\":{\"@type\":\"ImageObject\",\"inLanguage\":\"fr-FR\",\"@id\":\"https:\\\/\\\/parqueestadualdojalapao.com.br\\\/#\\\/schema\\\/logo\\\/image\\\/\",\"url\":\"https:\\\/\\\/parqueestadualdojalapao.com.br\\\/wp-content\\\/uploads\\\/2025\\\/02\\\/20250226-parque-estadual-jalapao.png\",\"contentUrl\":\"https:\\\/\\\/parqueestadualdojalapao.com.br\\\/wp-content\\\/uploads\\\/2025\\\/02\\\/20250226-parque-estadual-jalapao.png\",\"width\":600,\"height\":600,\"caption\":\"Parque Estadual do Jalap\u00e3o\"},\"image\":{\"@id\":\"https:\\\/\\\/parqueestadualdojalapao.com.br\\\/#\\\/schema\\\/logo\\\/image\\\/\"},\"sameAs\":[\"https:\\\/\\\/pt.wikipedia.org\\\/wiki\\\/Parque_Estadual_do_Jalap\u00e3o\",\"https:\\\/\\\/cadastur.turismo.gov.br\\\/\",\"https:\\\/\\\/www.to.gov.br\\\/noticias\\\/parque-estadual-do-jalapao-completa-20-anos-e-se-consolida-como-a-joia-do-turismo-tocantinense\\\/4vikzdziuizp\"],\"description\":\"Descubra o cora\u00e7\u00e3o selvagem do Brasil, onde a natureza exuberante, o ar puro e paisagens deslumbrantes aguardam por voc\u00ea. O Parque Estadual do Jalap\u00e3o, localizado no Tocantins, \u00e9 um destino imperd\u00edvel para os amantes da natureza e do ecoturismo.\",\"email\":\"contato@parqueestadualjalapao.com.br\",\"legalName\":\"Parque Estadual do Jalap\u00e3o\",\"numberOfEmployees\":{\"@type\":\"QuantitativeValue\",\"minValue\":\"51\",\"maxValue\":\"200\"}}]}<\/script>\n<!-- \/ Yoast SEO Premium plugin. -->","yoast_head_json":{"title":"Termos - Parque Estadual do Jalap\u00e3o","robots":{"index":"index","follow":"follow","max-snippet":"max-snippet:-1","max-image-preview":"max-image-preview:large","max-video-preview":"max-video-preview:-1"},"canonical":"https:\/\/parqueestadualdojalapao.com.br\/fr\/termos\/","og_locale":"fr_FR","og_type":"article","og_title":"Termos","og_description":"\u00daltima atualiza\u00e7\u00e3o: 02\/03\/2025. 1. Aceita\u00e7\u00e3o dos Termos Ao acessar e utilizar o site parqueestadualdojalapao.com.br, voc\u00ea concorda em cumprir estes Termos de Uso e todas as leis e regulamentos aplic\u00e1veis. 2. Uso do Site Voc\u00ea se compromete a utilizar o site apenas para fins legais e de maneira que n\u00e3o infrinja os direitos de terceiros ou [&hellip;]","og_url":"https:\/\/parqueestadualdojalapao.com.br\/fr\/termos\/","og_site_name":"Parque Estadual do Jalap\u00e3o","article_modified_time":"2025-05-14T11:15:34+00:00","twitter_card":"summary_large_image","twitter_misc":{"Dur\u00e9e de lecture estim\u00e9e":"2 minutes"},"schema":{"@context":"https:\/\/schema.org","@graph":[{"@type":"WebPage","@id":"https:\/\/parqueestadualdojalapao.com.br\/termos\/","url":"https:\/\/parqueestadualdojalapao.com.br\/termos\/","name":"Termos - Parque Estadual do Jalap\u00e3o","isPartOf":{"@id":"https:\/\/parqueestadualdojalapao.com.br\/#website"},"datePublished":"2025-05-14T11:15:33+00:00","dateModified":"2025-05-14T11:15:34+00:00","breadcrumb":{"@id":"https:\/\/parqueestadualdojalapao.com.br\/termos\/#breadcrumb"},"inLanguage":"fr-FR","potentialAction":[{"@type":"ReadAction","target":["https:\/\/parqueestadualdojalapao.com.br\/termos\/"]}]},{"@type":"BreadcrumbList","@id":"https:\/\/parqueestadualdojalapao.com.br\/termos\/#breadcrumb","itemListElement":[{"@type":"ListItem","position":1,"name":"In\u00edcio","item":"https:\/\/parqueestadualdojalapao.com.br\/"},{"@type":"ListItem","position":2,"name":"Termos"}]},{"@type":"WebSite","@id":"https:\/\/parqueestadualdojalapao.com.br\/#website","url":"https:\/\/parqueestadualdojalapao.com.br\/","name":"Parc d'\u00c9tat de Jalap\u00e3o","description":"D\u00e9couvrez le c\u0153ur sauvage du Br\u00e9sil, o\u00f9 une nature exub\u00e9rante, un air pur et des paysages \u00e0 couper le souffle vous attendent. Le Parc d'\u00c9tat de Jalap\u00e3o, situ\u00e9 dans le Tocantins, est une destination incontournable pour les amoureux de la nature et les passionn\u00e9s d'\u00e9cotourisme.","publisher":{"@id":"https:\/\/parqueestadualdojalapao.com.br\/#organization"},"alternateName":"Parque Estadual do Jalap\u00e3o","potentialAction":[{"@type":"SearchAction","target":{"@type":"EntryPoint","urlTemplate":"https:\/\/parqueestadualdojalapao.com.br\/?s={search_term_string}"},"query-input":{"@type":"PropertyValueSpecification","valueRequired":true,"valueName":"search_term_string"}}],"inLanguage":"fr-FR"},{"@type":"Organization","@id":"https:\/\/parqueestadualdojalapao.com.br\/#organization","name":"Parc d'\u00c9tat de Jalap\u00e3o","alternateName":"Parque Estadual do Jalap\u00e3o","url":"https:\/\/parqueestadualdojalapao.com.br\/","logo":{"@type":"ImageObject","inLanguage":"fr-FR","@id":"https:\/\/parqueestadualdojalapao.com.br\/#\/schema\/logo\/image\/","url":"https:\/\/parqueestadualdojalapao.com.br\/wp-content\/uploads\/2025\/02\/20250226-parque-estadual-jalapao.png","contentUrl":"https:\/\/parqueestadualdojalapao.com.br\/wp-content\/uploads\/2025\/02\/20250226-parque-estadual-jalapao.png","width":600,"height":600,"caption":"Parque Estadual do Jalap\u00e3o"},"image":{"@id":"https:\/\/parqueestadualdojalapao.com.br\/#\/schema\/logo\/image\/"},"sameAs":["https:\/\/pt.wikipedia.org\/wiki\/Parque_Estadual_do_Jalap\u00e3o","https:\/\/cadastur.turismo.gov.br\/","https:\/\/www.to.gov.br\/noticias\/parque-estadual-do-jalapao-completa-20-anos-e-se-consolida-como-a-joia-do-turismo-tocantinense\/4vikzdziuizp"],"description":"D\u00e9couvrez le c\u0153ur sauvage du Br\u00e9sil, o\u00f9 une nature exub\u00e9rante, un air pur et des paysages \u00e0 couper le souffle vous attendent. Le Parc d'\u00c9tat de Jalap\u00e3o, situ\u00e9 dans le Tocantins, est une destination incontournable pour les amoureux de la nature et les passionn\u00e9s d'\u00e9cotourisme.","email":"contato@parqueestadualjalapao.com.br","legalName":"Parque Estadual do Jalap\u00e3o","numberOfEmployees":{"@type":"QuantitativeValue","minValue":"51","maxValue":"200"}}]}},"_links":{"self":[{"href":"https:\/\/parqueestadualdojalapao.com.br\/fr\/wp-json\/wp\/v2\/pages\/790","targetHints":{"allow":["GET"]}}],"collection":[{"href":"https:\/\/parqueestadualdojalapao.com.br\/fr\/wp-json\/wp\/v2\/pages"}],"about":[{"href":"https:\/\/parqueestadualdojalapao.com.br\/fr\/wp-json\/wp\/v2\/types\/page"}],"author":[{"embeddable":true,"href":"https:\/\/parqueestadualdojalapao.com.br\/fr\/wp-json\/wp\/v2\/users\/1"}],"replies":[{"embeddable":true,"href":"https:\/\/parqueestadualdojalapao.com.br\/fr\/wp-json\/wp\/v2\/comments?post=790"}],"version-history":[{"count":1,"href":"https:\/\/parqueestadualdojalapao.com.br\/fr\/wp-json\/wp\/v2\/pages\/790\/revisions"}],"predecessor-version":[{"id":791,"href":"https:\/\/parqueestadualdojalapao.com.br\/fr\/wp-json\/wp\/v2\/pages\/790\/revisions\/791"}],"wp:attachment":[{"href":"https:\/\/parqueestadualdojalapao.com.br\/fr\/wp-json\/wp\/v2\/media?parent=790"}],"curies":[{"name":"wp","href":"https:\/\/api.w.org\/{rel}","templated":true}]}}